{"id":996,"date":"2023-02-27T16:16:06","date_gmt":"2023-02-27T15:16:06","guid":{"rendered":"http:\/\/sweet3.home.pl\/autoinstalator\/nowa\/?page_id=996"},"modified":"2023-12-20T21:43:33","modified_gmt":"2023-12-20T20:43:33","slug":"there-are-forgotten-bells-above-the-crawling-cloud","status":"publish","type":"page","link":"https:\/\/andrzejkaralow.pl\/index.php\/there-are-forgotten-bells-above-the-crawling-cloud\/","title":{"rendered":"There are forgotten bells above the crawling cloud"},"content":{"rendered":"<p>[vc_row full_width=&#8221;stretch_row_content&#8221; parallax=&#8221;content-moving&#8221; css=&#8221;.vc_custom_1677510819005{margin-right: 18px !important;margin-left: 18px !important;background-image: url(http:\/\/sweet3.home.pl\/autoinstalator\/nowa\/wp-content\/uploads\/2023\/02\/DSCF4215.jpg?id=997) !important;}&#8221;][vc_column][vc_empty_space height=&#8221;132px&#8221;][vc_custom_heading text=&#8221;There are forgotten bells above the crawling cloud&#8221; font_container=&#8221;tag:h3|font_size:55|text_align:center|color:%23f7f7f7&#8243; google_fonts=&#8221;font_family:Montserrat%3Aregular%2C700|font_style:400%20regular%3A400%3Anormal&#8221;][vc_empty_space height=&#8221;132px&#8221;][\/vc_column][\/vc_row][vc_row css=&#8221;.vc_custom_1677589790085{padding-right: 5% !important;padding-left: 5% !important;}&#8221;][vc_column][vc_column_text]<\/p>\n<ul>\n<li><span lang=\"EN-US\">year: 2019<b><\/b><\/span><\/li>\n<li><span lang=\"EN-US\">lenght: ca. 6&#8242;<\/span><\/li>\n<li><span lang=\"EN-US\">instrumentation: piano solo<\/span><\/li>\n<li>commissioned by Conversatorium Organowe w Legnicy<\/li>\n<li>recording of work appears on:\n<ul>\n<li>\n<p class=\"lista_katalog_artysta center\"><a href=\"https:\/\/opus-series.com\/pl\/sklep\/muzyka_fortepianowa\">Moryto, \u0141ukaszewski, S\u0142awecki, Zakrzewski, Kara\u0142ow, Rydzewska \u2013 polska wsp\u00f3\u0142czesna muzyka fortepianowa dla m\u0142odych (Requiem Records) \u2013 Ha Ngan (piano)<\/a><\/p>\n<\/li>\n<li><a href=\"https:\/\/andrzejkaralow.bandcamp.com\/track\/andrzej-kara-ow-there-are-forgotten-bells-above-the-crawling-cloud-2021\">Stone Music \u2013 Andrzej Kara\u0142ow (piano) \u2013 premiere April 2023<\/a><\/li>\n<\/ul>\n<\/li>\n<\/ul>\n<p>[\/vc_column_text][\/vc_column][\/vc_row]<\/p>\n","protected":false},"excerpt":{"rendered":"<p>[vc_row full_width=&#8221;stretch_row_content&#8221; parallax=&#8221;content-moving&#8221; css=&#8221;.vc_custom_1677510819005{margin-right: 18px !important;margin-left: 18px !important;background-image: url(http:\/\/sweet3.home.pl\/autoinstalator\/nowa\/wp-content\/uploads\/2023\/02\/DSCF4215.jpg?id=997) !important;}&#8221;][vc_column][vc_empty_space height=&#8221;132px&#8221;][vc_custom_heading text=&#8221;There are forgotten bells above the crawling cloud&#8221; font_container=&#8221;tag:h3|font_size:55|text_align:center|color:%23f7f7f7&#8243; google_fonts=&#8221;font_family:Montserrat%3Aregular%2C700|font_style:400%20regular%3A400%3Anormal&#8221;][vc_empty_space height=&#8221;132px&#8221;][\/vc_column][\/vc_row][vc_row css=&#8221;.vc_custom_1677589790085{padding-right: 5% !important;padding-left: 5% !important;}&#8221;][vc_column][vc_column_text] year: 2019 lenght: ca. 6&#8242; instrumentation: piano solo commissioned by Conversatorium Organowe w Legnicy recording of work appears on: Moryto, \u0141ukaszewski, S\u0142awecki, Zakrzewski, Kara\u0142ow, Rydzewska \u2013 polska wsp\u00f3\u0142czesna &hellip; <\/p>\n<p class=\"link-more\"><a href=\"https:\/\/andrzejkaralow.pl\/index.php\/there-are-forgotten-bells-above-the-crawling-cloud\/\" class=\"more-link\">Read more<span class=\"screen-reader-text\"> &#8220;There are forgotten bells above the crawling cloud&#8221;<\/span><\/a><\/p>\n","protected":false},"author":1,"featured_media":0,"parent":0,"menu_order":0,"comment_status":"closed","ping_status":"closed","template":"page-templates\/full-width-no-title.php","meta":{"footnotes":""},"class_list":["post-996","page","type-page","status-publish","hentry"],"_links":{"self":[{"href":"https:\/\/andrzejkaralow.pl\/index.php\/wp-json\/wp\/v2\/pages\/996","targetHints":{"allow":["GET"]}}],"collection":[{"href":"https:\/\/andrzejkaralow.pl\/index.php\/wp-json\/wp\/v2\/pages"}],"about":[{"href":"https:\/\/andrzejkaralow.pl\/index.php\/wp-json\/wp\/v2\/types\/page"}],"author":[{"embeddable":true,"href":"https:\/\/andrzejkaralow.pl\/index.php\/wp-json\/wp\/v2\/users\/1"}],"replies":[{"embeddable":true,"href":"https:\/\/andrzejkaralow.pl\/index.php\/wp-json\/wp\/v2\/comments?post=996"}],"version-history":[{"count":3,"href":"https:\/\/andrzejkaralow.pl\/index.php\/wp-json\/wp\/v2\/pages\/996\/revisions"}],"predecessor-version":[{"id":1342,"href":"https:\/\/andrzejkaralow.pl\/index.php\/wp-json\/wp\/v2\/pages\/996\/revisions\/1342"}],"wp:attachment":[{"href":"https:\/\/andrzejkaralow.pl\/index.php\/wp-json\/wp\/v2\/media?parent=996"}],"curies":[{"name":"wp","href":"https:\/\/api.w.org\/{rel}","templated":true}]}}