{"id":87,"date":"2023-02-20T21:32:19","date_gmt":"2023-02-20T20:32:19","guid":{"rendered":"http:\/\/sweet3.home.pl\/autoinstalator\/nowa\/?page_id=87"},"modified":"2023-02-28T13:01:26","modified_gmt":"2023-02-28T12:01:26","slug":"improvisation","status":"publish","type":"page","link":"https:\/\/andrzejkaralow.pl\/index.php\/improvisation\/","title":{"rendered":"Improviser"},"content":{"rendered":"<p>[vc_row css=&#8221;.vc_custom_1677106456047{background-image: url(http:\/\/sweet3.home.pl\/autoinstalator\/nowa\/wp-content\/uploads\/2023\/02\/Zdjecie-02.09.2019-19-50-54-1-scaled.jpg?id=407) !important;background-position: center !important;background-repeat: no-repeat !important;background-size: cover !important;}&#8221;][vc_column][vc_empty_space height=&#8221;232px&#8221;][vc_custom_heading text=&#8221;IMPROVISER&#8221; font_container=&#8221;tag:h3|font_size:55|text_align:center&#8221; google_fonts=&#8221;font_family:Montserrat%3Aregular%2C700|font_style:400%20regular%3A400%3Anormal&#8221;][vc_empty_space height=&#8221;232px&#8221;][vc_column_text css=&#8221;.vc_custom_1677282678093{margin-right: 131px !important;}&#8221;]<\/p>\n<p style=\"text-align: right;\">fot. Jerzy Wypych<\/p>\n<p>[\/vc_column_text][\/vc_column][\/vc_row][vc_row css=&#8221;.vc_custom_1677580852824{margin-right: 0px !important;margin-left: 0px !important;padding-top: 5% !important;padding-right: 5% !important;padding-bottom: 5% !important;padding-left: 5% !important;}&#8221;][vc_column][vc_column_text]<\/p>\n<p style=\"text-align: justify;\">In 2018 I met Jurek Prze\u017adziecki in his electronic music producing studio to prepare and work on a new material, our first album. Starting from only synth-based music we moved forward to explore sonic possibilities of grand piano\u2019s sounds combined with ambient and drone music worlds of synth music. Our concert setups were evolving: from complex sets with Moogs, Buchla, modular synth, Prophet, guitar effects and, of course, piano to more reduced and sound-consistent set of instruments including electric, table-top guitar with effects and ebows used inside piano. We gave concerts all over Poland during various festivals and in alternative music venues. Our main concept of live gig is to create 100% improvised, new music material from scratch. That\u2019s how we created our studio album \u201cWir\u201d as well as two live concert albums: \u201cPedestal Complement\u201d (recorded during 2019 Ambient Festival in Gorlice) and \u201cIdeal Limit\u201d (Viral Art Festival 2020 performed and recorded online in Chatka \u017baka in Lublin). Every concert is different and oscillates between classical improvised music, spacious sound and time worlds connected with ambiental and experimental approaches.<\/p>\n<p>[\/vc_column_text][vc_empty_space][vc_video link=&#8221;https:\/\/youtu.be\/Mzy8Gt3vjtE&#8221;][vc_column_text]<\/p>\n<p style=\"text-align: center;\">more about our collaboration and inspirations in the interview below (only polish)<\/p>\n<p>[\/vc_column_text][vc_video link=&#8221;https:\/\/youtu.be\/pwab6WhXPEU&#8221; el_width=&#8221;60&#8243; align=&#8221;center&#8221;][\/vc_column][\/vc_row][vc_row css=&#8221;.vc_custom_1677585668591{margin-right: 0px !important;margin-left: 0px !important;padding-top: 5% !important;padding-right: 5% !important;padding-bottom: 5% !important;padding-left: 5% !important;}&#8221;][vc_column][vc_empty_space][vc_column_text]<\/p>\n<p style=\"text-align: justify;\">Fading Towards the Sun is a solo work for piano, moog delay, synthesizers and max-msp. It exists in a pre-composed sketch, but leaves performer some freedom for shaping improvised segments. Form of this work is evolutional, it gradually builds more and more layers to create an uplifting, \u201cshining\u201d culmination. It was performed in chamber hall of FCUM in Warsaw.<\/p>\n<p>[\/vc_column_text][vc_video link=&#8221;https:\/\/youtu.be\/mnl9BHA_iA8&#8243;][\/vc_column][\/vc_row][vc_row css=&#8221;.vc_custom_1677585676581{padding-top: 5% !important;padding-right: 5px !important;padding-bottom: 5% !important;padding-left: 5px !important;}&#8221;][vc_column][vc_empty_space][vc_column_text]<\/p>\n<p style=\"text-align: justify;\">Kazimierz Serocki in memoriam was a solo project specially prepared for Festiwal Muzykofilia which took place in Toru\u0144, on May 2022. 45-minute set was a free-improvised prepared piano recital which was based on musical material taken from Serocki\u2019s works such as Arrangemnts, A Piacere, Preludes. During the final part of the concert I was joined by two percussionists ? Rafa\u0142 Iwa\u0144\u015bki and Jacek Buhl. Together we performed a free-improvised fantasy based on rhythmical and sonoristic solutions basing on \u201cSwinging Music\u201d by Serocki<\/p>\n<p>[\/vc_column_text][vc_video link=&#8221;https:\/\/youtu.be\/jnbabtdSwFg&#8221;][\/vc_column][\/vc_row][vc_row css=&#8221;.vc_custom_1677585684855{padding-right: 5% !important;padding-left: 5% !important;}&#8221;][vc_column][vc_empty_space][vc_column_text]<\/p>\n<p style=\"text-align: justify;\">Blueprint #4 belongs to set of works based on more or less open form. #4 is co-created with Jerzy Prze\u017adziecki, who plays with feedback created from prepared piano sounds. Work is based on 3 segments where this sonoristic idea is treated in various ways. The performance of Blueprint #4 is published on Warsaw Autumn Chronicles.<\/p>\n<p>[\/vc_column_text][vc_raw_html]JTNDaWZyYW1lJTIwd2lkdGglM0QlMjIxMDAlMjUlMjIlMjBoZWlnaHQlM0QlMjIxNjYlMjIlMjBzY3JvbGxpbmclM0QlMjJubyUyMiUyMGZyYW1lYm9yZGVyJTNEJTIybm8lMjIlMjBhbGxvdyUzRCUyMmF1dG9wbGF5JTIyJTIwc3JjJTNEJTIyaHR0cHMlM0ElMkYlMkZ3LnNvdW5kY2xvdWQuY29tJTJGcGxheWVyJTJGJTNGdXJsJTNEaHR0cHMlMjUzQSUyRiUyRmFwaS5zb3VuZGNsb3VkLmNvbSUyRnRyYWNrcyUyRjM1NjEyNDYxMSUyNmNvbG9yJTNEJTI1MjM3NTY3ODQlMjZhdXRvX3BsYXklM0RmYWxzZSUyNmhpZGVfcmVsYXRlZCUzRGZhbHNlJTI2c2hvd19jb21tZW50cyUzRHRydWUlMjZzaG93X3VzZXIlM0R0cnVlJTI2c2hvd19yZXBvc3RzJTNEZmFsc2UlMjZzaG93X3RlYXNlciUzRHRydWUlMjIlM0UlM0MlMkZpZnJhbWUlM0UlM0NkaXYlMjBzdHlsZSUzRCUyMmZvbnQtc2l6ZSUzQSUyMDEwcHglM0IlMjBjb2xvciUzQSUyMCUyM2NjY2NjYyUzQmxpbmUtYnJlYWslM0ElMjBhbnl3aGVyZSUzQndvcmQtYnJlYWslM0ElMjBub3JtYWwlM0JvdmVyZmxvdyUzQSUyMGhpZGRlbiUzQndoaXRlLXNwYWNlJTNBJTIwbm93cmFwJTNCdGV4dC1vdmVyZmxvdyUzQSUyMGVsbGlwc2lzJTNCJTIwZm9udC1mYW1pbHklM0ElMjBJbnRlcnN0YXRlJTJDTHVjaWRhJTIwR3JhbmRlJTJDTHVjaWRhJTIwU2FucyUyMFVuaWNvZGUlMkNMdWNpZGElMjBTYW5zJTJDR2FydWRhJTJDVmVyZGFuYSUyQ1RhaG9tYSUyQ3NhbnMtc2VyaWYlM0Jmb250LXdlaWdodCUzQSUyMDEwMCUzQiUyMiUzRSUzQ2ElMjBocmVmJTNEJTIyaHR0cHMlM0ElMkYlMkZzb3VuZGNsb3VkLmNvbSUyRmFrYXJhbG93JTIyJTIwdGl0bGUlM0QlMjJBbmRyemVqJTIwS2FyYSVDNSU4Mm93JTIyJTIwdGFyZ2V0JTNEJTIyX2JsYW5rJTIyJTIwc3R5bGUlM0QlMjJjb2xvciUzQSUyMCUyM2NjY2NjYyUzQiUyMHRleHQtZGVjb3JhdGlvbiUzQSUyMG5vbmUlM0IlMjIlM0VBbmRyemVqJTIwS2FyYSVDNSU4Mm93JTNDJTJGYSUzRSUyMCVDMiVCNyUyMCUzQ2ElMjBocmVmJTNEJTIyaHR0cHMlM0ElMkYlMkZzb3VuZGNsb3VkLmNvbSUyRmFrYXJhbG93JTJGYmx1ZXByaW50LTQta2FyYWxvdy1wcnplemR6aWVja2klMjIlMjB0aXRsZSUzRCUyMkJsdWVwcmludCUyMCUyMzQlMjAlMkYlMkYlMjBLYXJhbG93JTIwJTdDJTdDJTIwUHJ6ZXpkemllY2tpJTIyJTIwdGFyZ2V0JTNEJTIyX2JsYW5rJTIyJTIwc3R5bGUlM0QlMjJjb2xvciUzQSUyMCUyM2NjY2NjYyUzQiUyMHRleHQtZGVjb3JhdGlvbiUzQSUyMG5vbmUlM0IlMjIlM0VCbHVlcHJpbnQlMjAlMjM0JTIwJTJGJTJGJTIwS2FyYWxvdyUyMCU3QyU3QyUyMFByemV6ZHppZWNraSUzQyUyRmElM0UlM0MlMkZkaXYlM0U=[\/vc_raw_html][\/vc_column][\/vc_row]<\/p>\n","protected":false},"excerpt":{"rendered":"<p>[vc_row css=&#8221;.vc_custom_1677106456047{background-image: url(http:\/\/sweet3.home.pl\/autoinstalator\/nowa\/wp-content\/uploads\/2023\/02\/Zdjecie-02.09.2019-19-50-54-1-scaled.jpg?id=407) !important;background-position: center !important;background-repeat: no-repeat !important;background-size: cover !important;}&#8221;][vc_column][vc_empty_space height=&#8221;232px&#8221;][vc_custom_heading text=&#8221;IMPROVISER&#8221; font_container=&#8221;tag:h3|font_size:55|text_align:center&#8221; google_fonts=&#8221;font_family:Montserrat%3Aregular%2C700|font_style:400%20regular%3A400%3Anormal&#8221;][vc_empty_space height=&#8221;232px&#8221;][vc_column_text css=&#8221;.vc_custom_1677282678093{margin-right: 131px !important;}&#8221;] fot. Jerzy Wypych [\/vc_column_text][\/vc_column][\/vc_row][vc_row css=&#8221;.vc_custom_1677580852824{margin-right: 0px !important;margin-left: 0px !important;padding-top: 5% !important;padding-right: 5% !important;padding-bottom: 5% !important;padding-left: 5% !important;}&#8221;][vc_column][vc_column_text] In 2018 I met Jurek Prze\u017adziecki in his electronic music producing studio to prepare and work on a new material, &hellip; <\/p>\n<p class=\"link-more\"><a href=\"https:\/\/andrzejkaralow.pl\/index.php\/improvisation\/\" class=\"more-link\">Read more<span class=\"screen-reader-text\"> &#8220;Improviser&#8221;<\/span><\/a><\/p>\n","protected":false},"author":1,"featured_media":0,"parent":0,"menu_order":0,"comment_status":"closed","ping_status":"closed","template":"page-templates\/full-width-no-title.php","meta":{"footnotes":""},"class_list":["post-87","page","type-page","status-publish","hentry"],"_links":{"self":[{"href":"https:\/\/andrzejkaralow.pl\/index.php\/wp-json\/wp\/v2\/pages\/87","targetHints":{"allow":["GET"]}}],"collection":[{"href":"https:\/\/andrzejkaralow.pl\/index.php\/wp-json\/wp\/v2\/pages"}],"about":[{"href":"https:\/\/andrzejkaralow.pl\/index.php\/wp-json\/wp\/v2\/types\/page"}],"author":[{"embeddable":true,"href":"https:\/\/andrzejkaralow.pl\/index.php\/wp-json\/wp\/v2\/users\/1"}],"replies":[{"embeddable":true,"href":"https:\/\/andrzejkaralow.pl\/index.php\/wp-json\/wp\/v2\/comments?post=87"}],"version-history":[{"count":17,"href":"https:\/\/andrzejkaralow.pl\/index.php\/wp-json\/wp\/v2\/pages\/87\/revisions"}],"predecessor-version":[{"id":1084,"href":"https:\/\/andrzejkaralow.pl\/index.php\/wp-json\/wp\/v2\/pages\/87\/revisions\/1084"}],"wp:attachment":[{"href":"https:\/\/andrzejkaralow.pl\/index.php\/wp-json\/wp\/v2\/media?parent=87"}],"curies":[{"name":"wp","href":"https:\/\/api.w.org\/{rel}","templated":true}]}}