{"id":83,"date":"2023-02-20T21:32:09","date_gmt":"2023-02-20T20:32:09","guid":{"rendered":"http:\/\/sweet3.home.pl\/autoinstalator\/nowa\/?page_id=83"},"modified":"2026-02-22T10:10:28","modified_gmt":"2026-02-22T09:10:28","slug":"composer","status":"publish","type":"page","link":"https:\/\/andrzejkaralow.pl\/index.php\/composer\/","title":{"rendered":"Composer"},"content":{"rendered":"<p>[vc_row full_width=&#8221;stretch_row_content&#8221; parallax=&#8221;content-moving&#8221; css=&#8221;.vc_custom_1677102744372{margin-right: 18px !important;margin-left: 18px !important;background-image: url(http:\/\/sweet3.home.pl\/autoinstalator\/nowa\/wp-content\/uploads\/2023\/02\/DSCF4468.jpg?id=132) !important;background-position: center;background-repeat: no-repeat;background-size:cover;}&#8221;][vc_column][vc_empty_space height=&#8221;232px&#8221;][vc_custom_heading text=&#8221;COMPOSER&#8221; font_container=&#8221;tag:h3|font_size:55|text_align:center|color:%23f7f7f7&#8243; google_fonts=&#8221;font_family:Montserrat%3Aregular%2C700|font_style:400%20regular%3A400%3Anormal&#8221;][vc_empty_space height=&#8221;232px&#8221;][\/vc_column][\/vc_row][vc_row css=&#8221;.vc_custom_1677019018987{margin-right: 18px !important;margin-left: 18px !important;}&#8221;][vc_column][vc_empty_space][vc_text_separator title=&#8221;SYMPHONIC AND CHAMBER ORCHESTRA&#8221;][vc_column_text]<\/p>\n<ul>\n<li><a href=\"https:\/\/andrzejkaralow.pl\/index.php\/denudation\/\">Denudation \u2013 concerto for piano and orchestra \/ 2023 [30&#8242;]<\/a><\/li>\n<li><a href=\"https:\/\/andrzejkaralow.pl\/index.php\/veins\/\">Dunes\u00a0\u2013\u00a0concerto\u00a0for accordion solo, percussion and strings \/ 2020 [20\u2032]<\/a><\/li>\n<li><a href=\"https:\/\/andrzejkaralow.pl\/index.php\/veins-2\/\">Veins\u00a0for orchestra \/ 2019 [8\u2032]<\/a><\/li>\n<li><a href=\"https:\/\/andrzejkaralow.pl\/index.php\/multicolor-horizon\/\">Multicolour horizon\u00a0\u2013 symphonic poem in two movements for orchestra \/ 2015 [18\u2032]<\/a><\/li>\n<li><a href=\"https:\/\/andrzejkaralow.pl\/index.php\/ouverture\/\">Ouverture\u00a0for strings without conductor \/ 2014 [8\u2032]<\/a><\/li>\n<li><a href=\"https:\/\/andrzejkaralow.pl\/index.php\/urans-flower\/\">Uran&#8217;s Flower\u00a0for bass guitar and string orchestra \/ 2012 [8\u2032]<\/a><\/li>\n<li><a href=\"https:\/\/andrzejkaralow.pl\/index.php\/timelapse-study-ii\/\">Red Moon\u00a0for trumpet and string orchestra \/ 2009 [7\u2032]<\/a><\/li>\n<\/ul>\n<p>[\/vc_column_text][\/vc_column][\/vc_row][vc_row full_width=&#8221;stretch_row_content&#8221; parallax=&#8221;content-moving&#8221; css=&#8221;.vc_custom_1677102553061{margin-right: 18px !important;margin-left: 18px !important;background-image: url(http:\/\/sweet3.home.pl\/autoinstalator\/nowa\/wp-content\/uploads\/2023\/02\/DSCF0502.jpg?id=394) !important;background-position: center;background-repeat: no-repeat;background-size:cover;}&#8221;][vc_column][vc_empty_space height=&#8221;332px&#8221;][\/vc_column][\/vc_row][vc_row full_width=&#8221;stretch_row&#8221; css=&#8221;.vc_custom_1677587557936{padding-right: 5% !important;padding-left: 5% !important;background-color: #212121 !important;}&#8221;][vc_column][vc_separator][vc_column_text]<\/p>\n<p style=\"font-weight: 400; text-align: justify;\"><em><span style=\"color: white;\">Inspired by phenomenon of landscapes, I am trying to discover my own musical language through penetration and fathoming visual, multilayered sceneries. Connecting music with synesthesia, I want to reach unique connection of sound, its color and time. The best link-symbol to observe the paradox of variability and permanency of landscapes is journey. Earth, physical land, tectonic layers, colors \u2013 all of these elements connect with spiritual aspect of steadiness and unpredictability. Improvisation \u2013 which is also important for me in context of a musical creation \u2013\u00a0as musical element and technique, symbolizes in my music a wandering through the internal sound landscapes, merging everything into a single, organic whole.<\/span><\/em><\/p>\n<p>[\/vc_column_text][vc_separator][\/vc_column][\/vc_row][vc_row css=&#8221;.vc_custom_1677019018987{margin-right: 18px !important;margin-left: 18px !important;}&#8221;][vc_column][vc_empty_space][vc_text_separator title=&#8221;OPERA&#8221;][vc_column_text]<\/p>\n<ul>\n<li><a href=\"https:\/\/andrzejkaralow.pl\/index.php\/de-invitatione-mortis\/\">De invitatione mortis \u2013 metaopera in 3 acts for 3 voices, male choir, octet and electronics, written to words by Maciej Papierski \/ 2017\/18 [90\u2032]<\/a><\/li>\n<li><a href=\"https:\/\/andrzejkaralow.pl\/index.php\/kepler\/\">Kepler \u2013 chamber opera in one act\u00a0for 2 voices and ensemble\u00a0written to words by Maciej Papierski \/ 2014 [33\u2032]<\/a><\/li>\n<\/ul>\n<p>[\/vc_column_text][\/vc_column][\/vc_row][vc_row full_width=&#8221;stretch_row_content&#8221; parallax=&#8221;content-moving&#8221; css=&#8221;.vc_custom_1677107777766{margin-right: 18px !important;margin-left: 18px !important;background-image: url(http:\/\/sweet3.home.pl\/autoinstalator\/nowa\/wp-content\/uploads\/2023\/02\/DSCF1261.jpg?id=397) !important;background-position: center;background-repeat: no-repeat;background-size:cover;}&#8221;][vc_column][vc_empty_space height=&#8221;332px&#8221;][\/vc_column][\/vc_row][vc_row css=&#8221;.vc_custom_1677018990611{margin-right: 18px !important;margin-left: 18px !important;}&#8221;][vc_column][vc_text_separator title=&#8221;ACOUSTIC CHAMBER MUSIC&#8221;][vc_column_text]<\/p>\n<ul>\n<li><em>air\u00a0<\/em>for violin and piano \/ 2025 [8&#8242;]<\/li>\n<li><em>some whispers of mists and water above, hidden in the rocks\u00a0<\/em>\u2013 for clarinet, violin, cello and piano \/ 2024 [10&#8242;]<\/li>\n<li><a href=\"https:\/\/andrzejkaralow.pl\/index.php\/timelapse-study-ii-2\/\">Timelapse Study\u00a0II\u00a0for violin and viola \/ 2023 [6\u2032]<\/a><\/li>\n<li><a href=\"https:\/\/andrzejkaralow.pl\/index.php\/interweaving\/\">Interweaving\u00a0for wooden flute and piano from period \/ 2021 [18\u2032]<\/a><\/li>\n<li><a href=\"https:\/\/andrzejkaralow.pl\/index.php\/sonata-for-viola-and-piano\/\">Viola Sonata\u00a0for viola and piano \/ 2021 [17\u2032]<\/a><\/li>\n<li><a href=\"https:\/\/andrzejkaralow.pl\/index.php\/particulae-lucis\/\">Particulae lucis\u00a0for string quartet \/ 2020 [20\u2032]<\/a><\/li>\n<li><a href=\"https:\/\/andrzejkaralow.pl\/index.php\/purple-sun-on-black-canvas-painting-watercolor\/\">Purple Sun on Black Canvas, painting \u2013 watercolor\u00a0for piano quintet\u00a0\/ 2019 [7\u2032]<\/a><\/li>\n<li><a href=\"https:\/\/andrzejkaralow.pl\/index.php\/florescence\/\">Florescence\u00a0for violin, cello and piano \/ 2018 [8\u2032]<\/a><\/li>\n<li><a href=\"https:\/\/andrzejkaralow.pl\/index.php\/imploded-agglomeration\/\">Imploded Agglomeration\u00a0for amplified ensemble: cello, percussion and piano \/ 2017 [12\u2032]<\/a><\/li>\n<li><a href=\"https:\/\/andrzejkaralow.pl\/index.php\/sun-chants\/\">Sun-chants\u00a0for clarinet and accordion \/ 2017 [6\u2032]<\/a><\/li>\n<li><a href=\"https:\/\/andrzejkaralow.pl\/index.php\/fatal-mirrors\/\">Through\u00a0for clarinet with percussion (crotales, metal chimes), violin, piano \/ 2016 [13\u2032]<\/a><\/li>\n<li><a href=\"https:\/\/andrzejkaralow.pl\/index.php\/fatal-mirrors-2\/\">Fatal Mirrors\u00a0for harpsichord and percussion \/ 2016 [5\u2032]<\/a><\/li>\n<li><a href=\"https:\/\/andrzejkaralow.pl\/index.php\/interrupted-dream\/\">Interrupted dream\u00a0for flute, clarinet and vibraphone \/ 2015 [7\u2032]<\/a><\/li>\n<li><a href=\"https:\/\/andrzejkaralow.pl\/index.php\/intermezzo\/\">Notturno\u00a0for violin and accordion \/ 2015 [6\u2032]<\/a><\/li>\n<li><a href=\"https:\/\/andrzejkaralow.pl\/index.php\/believe-in-angel\/\">Believe in Angel\u00a0for string quartet \u2013 music written for ballet duo choreography \/ 2015<\/a><\/li>\n<li>Sketches\u00a0for 2 clarinets \/ 2015<\/li>\n<li><a href=\"https:\/\/andrzejkaralow.pl\/index.php\/geometry-of-night\/\">Geometry of Night\u00a0for saxophone and piano \/ 2014 [8\u2032]<\/a><\/li>\n<li><a href=\"https:\/\/andrzejkaralow.pl\/index.php\/piano-trio\/\">Piano Trio\u00a0for violin, cello and piano \/ 2014 [17\u2032]<\/a><\/li>\n<li><a href=\"https:\/\/andrzejkaralow.pl\/index.php\/doppelganger\/\">Doppelg\u00e4nger\u00a0for clarinet and accordion \/ 2014 [9\u2032]<\/a><\/li>\n<li>Visionary landscape\u00a0for two accordions and organ \/ 2014<\/li>\n<li>Fallout dance\u00a0for saxophone, electric guitar, percussion and piano \/ 2014<\/li>\n<li><a href=\"https:\/\/andrzejkaralow.pl\/index.php\/distant-dream\/\">Distant Dream\u00a0for organ and tenor saxophone \/ 2013 [12\u2032]<\/a><\/li>\n<li><a href=\"https:\/\/andrzejkaralow.pl\/index.php\/string-quartet\/\">String Quartet \/ 2013 [15\u2032]<\/a><\/li>\n<li>2 Melodies for violin and piano \/ 2013<\/li>\n<li><a href=\"https:\/\/andrzejkaralow.pl\/index.php\/sonata-for-violin-and-piano\/\">Sonata for\u00a0violin and piano \/ 2012 [17\u2032]<\/a><\/li>\n<li><a href=\"https:\/\/andrzejkaralow.pl\/index.php\/meeting-in-the-dark-chamber\/\">Meeting in the Dark Chamber\u00a0\u00a0for bass guitar and harpsichord \/ 2012<\/a><\/li>\n<li>Luminous Bridge\u00a0for flute, clarinet, cello and piano \/ 2012<\/li>\n<li>Whispers of Nervelles Sunfor septet: 2 flutes, tenor saxophone, hammond\u2019s organ, percussion, bass guitar, accordion \/ 2012<\/li>\n<li><a href=\"https:\/\/andrzejkaralow.pl\/index.php\/io\/\">Io\u00a0for cello and piano \/ 2011<\/a><\/li>\n<li><a href=\"https:\/\/andrzejkaralow.pl\/index.php\/demons-forest\/\">Demons\u2019 Forestfor accordion and cello \/ 2011<\/a><\/li>\n<li>Invisible Mountain for violin, clarinet and piano \/ 2011<\/li>\n<li><a href=\"https:\/\/andrzejkaralow.pl\/index.php\/night-music\/\">Night Music \/\u00a02010<\/a><\/li>\n<li><a href=\"https:\/\/andrzejkaralow.pl\/index.php\/trip-to-the-source-of-night\/\">Trip to The Source of Night\u00a0for piano trio \/ 2008<\/a><\/li>\n<\/ul>\n<p>[\/vc_column_text][\/vc_column][\/vc_row][vc_row full_width=&#8221;stretch_row_content&#8221; parallax=&#8221;content-moving&#8221; css=&#8221;.vc_custom_1677102596849{margin-right: 18px !important;margin-left: 18px !important;background-image: url(http:\/\/sweet3.home.pl\/autoinstalator\/nowa\/wp-content\/uploads\/2023\/02\/DSCF0593.jpg?id=396) !important;background-position: center;background-repeat: no-repeat;background-size:cover;}&#8221;][vc_column][vc_empty_space height=&#8221;332px&#8221;][\/vc_column][\/vc_row][vc_row css=&#8221;.vc_custom_1677018990611{margin-right: 18px !important;margin-left: 18px !important;}&#8221;][vc_column][vc_text_separator title=&#8221;VOCAL \/ VOCAL-INSTRUMENTAL&#8221;][vc_column_text]<\/p>\n<ul>\n<li>Luminous Gardens for vocal ensemble (16 voices), flute, viola, cello. vibraphone and fixed electronics \/ 2024 [20&#8242;]<\/li>\n<li><span lang=\"EN-US\">4 Songs to words by Peter Gizzi for tenor and fixed electronics \/ 2024 [15&#8242;]<\/span><\/li>\n<li><a href=\"https:\/\/andrzejkaralow.pl\/?page_id=1337&amp;preview=true\">2 Songs to words by ariel ros\u00e9 for soprano, flute and piano \/ 2023 [12&#8242;]<\/a><\/li>\n<li><a href=\"https:\/\/andrzejkaralow.pl\/index.php\/4-songs-to-words-by-kazimiera-illakowiczowna\/\"><span lang=\"EN-US\">4 Songs cycle\u00a0to words by Kazimiera I\u0142\u0142akowicz\u00f3wna\u00a0<\/span><span lang=\"EN-US\">for soprano and piano \/ 2022 [15\u2032]<\/span><\/a><\/li>\n<li><a href=\"https:\/\/andrzejkaralow.pl\/index.php\/vocalise-a-tribute-to-witkacys-landscapes\/\"><span lang=\"EN-US\">Vocalise, tribute to Witkacy\u2019s landscapes<\/span><span lang=\"EN-US\">\u00a0for soprano, violin and piano \/ 2022 [13\u2032]<\/span><\/a><\/li>\n<li><a href=\"https:\/\/andrzejkaralow.pl\/index.php\/out-of-the-light-of-the-two-suns-a-phantasmagorical-city-appears\/\"><span lang=\"EN-US\">Out of the light of the two suns a phantasmagorical city appears<\/span><span class=\"apple-converted-space\"><span lang=\"EN-US\">\u00a0<\/span><\/span><span lang=\"EN-US\">for vocal sextet and electronics \/ 2021 [14&#8242;]<\/span><\/a><\/li>\n<li><a href=\"https:\/\/andrzejkaralow.pl\/index.php\/usnijze-mi-usnij-for-soprano-percussion-piano-and-electronics\/\"><span lang=\"EN-US\">U\u015bnij\u017ce mi, u\u015bnij<\/span><span class=\"apple-converted-space\"><span lang=\"EN-US\">\u00a0<\/span><\/span><span lang=\"EN-US\">for soprano, percussion, piano and electronics \/ 2021 [8&#8242;]<\/span><\/a><\/li>\n<li><span lang=\"EN-US\">2 Shakespeare Sonnets<\/span><span class=\"apple-converted-space\"><span lang=\"EN-US\">\u00a0<\/span><\/span><span lang=\"EN-US\">for soprano and piano<\/span><\/li>\n<li><a href=\"https:\/\/andrzejkaralow.pl\/index.php\/death\/\"><span lang=\"EN-US\">&#8220;Death&#8221; \u2013<\/span><span lang=\"EN-US\">\u00a0song to words written by Julian Tuwim for bass voice and organ;<\/span><\/a><\/li>\n<li><a href=\"https:\/\/andrzejkaralow.pl\/index.php\/lullaby\/\"><span lang=\"EN-US\">Lullaby\u00a0<\/span><span lang=\"EN-US\">to words of Maciej Papierski for mixed choir a capella;<\/span><\/a><\/li>\n<li><a href=\"https:\/\/andrzejkaralow.pl\/index.php\/psalm-16\/\"><span lang=\"EN-US\">Psalm 16\u00a0<\/span><span lang=\"EN-US\">for two choirs a cappella<\/span><\/a><\/li>\n<\/ul>\n<p>[\/vc_column_text][\/vc_column][\/vc_row][vc_row full_width=&#8221;stretch_row_content&#8221; parallax=&#8221;content-moving&#8221; css=&#8221;.vc_custom_1677107486282{margin-right: 18px !important;margin-left: 18px !important;background-image: url(http:\/\/sweet3.home.pl\/autoinstalator\/nowa\/wp-content\/uploads\/2023\/02\/DSCF0515.jpg?id=395) !important;background-position: 0 0;background-repeat:-repeat;}&#8221;][vc_column][vc_empty_space height=&#8221;332px&#8221;][\/vc_column][\/vc_row][vc_row css=&#8221;.vc_custom_1677018990611{margin-right: 18px !important;margin-left: 18px !important;}&#8221;][vc_column][vc_empty_space][vc_text_separator title=&#8221;ELECTRONIC &amp; ELECTROACOUSTIC&#8221;][vc_column_text]<\/p>\n<ul>\n<li>Beyond stillness, murmuring voices for harpsichord and fixed electronics \/ 2025 [10&#8242;]<\/li>\n<li>Luminous Gardens for vocal ensemble (16 voices), flute, viola, cello. vibraphone and fixed electronics \/ 2024 [20&#8242;]<\/li>\n<li>4 Songs to words by Peter Gizzi \/ 2024 [15&#8242;]<\/li>\n<li><a href=\"https:\/\/andrzejkaralow.pl\/index.php\/celestial-delusion\/\"><span lang=\"EN-US\">Celestial <\/span><span lang=\"EN-US\">delusion <\/span><\/a><span lang=\"EN-US\">for piano trio or piano solo and electronics \/ 2019\/20 [33\u2032]<b><\/b><\/span><\/li>\n<li><a href=\"https:\/\/andrzejkaralow.pl\/index.php\/out-of-the-light-of-the-two-suns-a-phantasmagorical-city-appears\/\"><span lang=\"EN-US\">Out of the light of the two suns a phantasmagorical city appears\u00a0<\/span><span lang=\"EN-US\">for vocal sextet and audio playback \/ 2021 [14\u2032]<\/span><\/a><\/li>\n<li><a href=\"https:\/\/andrzejkaralow.pl\/index.php\/usnijze-mi-usnij-for-soprano-percussion-piano-and-electronics\/\"><span lang=\"EN-US\">U\u015bnij\u017ce mi, u\u015bnij<\/span><span class=\"apple-converted-space\"><span lang=\"EN-US\">\u00a0<\/span><\/span><span lang=\"EN-US\">for soprano, percussion, piano and audio playback to words by Micha\u0142 Zdunik \/ 2021 [8\u2032]<\/span><\/a><\/li>\n<li><a href=\"https:\/\/andrzejkaralow.pl\/index.php\/timelapse-study\/\"><span lang=\"EN-US\">Timelapse study\u00a0<\/span><span lang=\"EN-US\">for two violins and audio playback \/ 2021 [5\u2032]<\/span><\/a><\/li>\n<li><a href=\"https:\/\/andrzejkaralow.pl\/index.php\/galilean-moons\/\"><span lang=\"EN-GB\">Galilean Moons<span class=\"apple-converted-space\">\u00a0<\/span><\/span><span lang=\"EN-GB\">for saxophone quartet and audio playback \/ 2018 [10\u2032]<\/span><\/a><\/li>\n<li><a href=\"https:\/\/andrzejkaralow.pl\/index.php\/fading-towards-the-sun\/\"><span lang=\"EN-US\">Fading towards the Sun<\/span><span class=\"apple-converted-space\"><span lang=\"EN-US\">\u00a0<\/span><\/span><span lang=\"EN-US\">for piano, electronic instruments and computer \/ 2016 [9\u2032]<\/span><\/a><\/li>\n<li><a href=\"https:\/\/andrzejkaralow.pl\/index.php\/shipyard-chant\/\"><span lang=\"EN-US\">Shipyard chant<\/span><span class=\"apple-converted-space\"><span lang=\"EN-US\">\u00a0<\/span><\/span><span lang=\"EN-US\">(2014) for bass clarinet and audio playback \/ 2014 [4\u2032]<\/span><\/a><\/li>\n<\/ul>\n<p>[\/vc_column_text][\/vc_column][\/vc_row][vc_row full_width=&#8221;stretch_row_content&#8221; parallax=&#8221;content-moving&#8221; css=&#8221;.vc_custom_1677102710654{margin-right: 18px !important;margin-left: 18px !important;background-image: url(http:\/\/sweet3.home.pl\/autoinstalator\/nowa\/wp-content\/uploads\/2023\/02\/DSCF5060.jpg?id=400) !important;background-position: center;background-repeat: no-repeat;background-size:cover;}&#8221;][vc_column][vc_empty_space height=&#8221;332px&#8221;][\/vc_column][\/vc_row][vc_row css=&#8221;.vc_custom_1677018990611{margin-right: 18px !important;margin-left: 18px !important;}&#8221;][vc_column][vc_empty_space][vc_text_separator title=&#8221;SOLO&#8221;][vc_column_text]<\/p>\n<div>\n<ul>\n<li>Light and waves \u2013 fantasia for piano solo \/ 2025 [10&#8242;]<\/li>\n<li>Silent rain \u2013 for accordion solo \/ 2024 [6&#8242;]<\/li>\n<li><a href=\"https:\/\/andrzejkaralow.pl\/index.php\/there-are-forgotten-bells-above-the-crawling-cloud\/\"><span lang=\"EN-US\">There are forgotten bells above the crawling cloud\u00a0<\/span><span lang=\"EN-US\">\u2013 for piano solo \/ 2020 [7\u2032]<\/span><\/a><\/li>\n<li><a href=\"https:\/\/andrzejkaralow.pl\/index.php\/white-sphere-nabvy-blue-backround\/\"><span lang=\"EN-US\">White Sphere, Navy-blue background\u00a0<\/span><span lang=\"EN-US\">for detuned viola solo \/ 2019 [6\u2032]<\/span><\/a><\/li>\n<li><a href=\"https:\/\/andrzejkaralow.pl\/index.php\/sonata-for-accordion\/\"><span lang=\"EN-GB\">Sonata<span class=\"apple-converted-space\">\u00a0<\/span><\/span><span lang=\"EN-GB\">for accordion solo \/ 2017 [15\u2032]<\/span><\/a><\/li>\n<li><a href=\"https:\/\/andrzejkaralow.pl\/index.php\/intermezzo-2\/\">Intermezzo<span class=\"apple-converted-space\">\u00a0<\/span>for organ solo \/ 2015 [7\u2032]<\/a><\/li>\n<li><a href=\"https:\/\/andrzejkaralow.pl\/index.php\/intro\/\">~Intro<span class=\"apple-converted-space\">\u00a0<\/span>for baritone saxophone \/ 2015 [3\u2032]<\/a><\/li>\n<li><a href=\"https:\/\/andrzejkaralow.pl\/index.php\/will-o-the-whisp\/\"><span lang=\"EN-US\">Will-o&#8217;-the-whisp<\/span><span class=\"apple-converted-space\"><span lang=\"EN-US\">\u00a0<\/span><\/span><span lang=\"EN-US\">for accordion solo \/2014<\/span><\/a><\/li>\n<li><a href=\"https:\/\/andrzejkaralow.pl\/index.php\/hymn-for-piano-solo\/\">Hymn<span class=\"apple-converted-space\">\u00a0<\/span>for solo piano \/ 2013 [7\u2032]<\/a><\/li>\n<li><a href=\"https:\/\/andrzejkaralow.pl\/index.php\/prelude-for-solo-piano\/\">Prelude<span class=\"apple-converted-space\">\u00a0<\/span>for solo piano \/ 2013 [3\u2032]<\/a><\/li>\n<li><a href=\"https:\/\/andrzejkaralow.pl\/index.php\/meltemi\/\">Meltemi<span class=\"apple-converted-space\">\u00a0<\/span>for multipercussion \/ 2013<\/a><\/li>\n<li>Reminiscence\u00a0for cello solo \/ 2013<\/li>\n<li>Nocturnes\u00a0for piano solo \/ 2012<\/li>\n<li>Sonata\u00a0for piano solo \/ 2010<\/li>\n<\/ul>\n<\/div>\n<p>[\/vc_column_text][\/vc_column][\/vc_row][vc_row full_width=&#8221;stretch_row_content&#8221; parallax=&#8221;content-moving&#8221; css=&#8221;.vc_custom_1677107435265{margin-right: 18px !important;margin-left: 18px !important;background-image: url(http:\/\/sweet3.home.pl\/autoinstalator\/nowa\/wp-content\/uploads\/2023\/02\/DSCF4474.jpg?id=416) !important;background-position: 0 0;background-repeat:-repeat;}&#8221;][vc_column][vc_empty_space height=&#8221;332px&#8221;][\/vc_column][\/vc_row][vc_row css=&#8221;.vc_custom_1677018990611{margin-right: 18px !important;margin-left: 18px !important;}&#8221;][vc_column][vc_empty_space][vc_text_separator title=&#8221;OPEN FORM &amp; GRAPHIC SCORES&#8221;][vc_column_text]<\/p>\n<ul>\n<li><a href=\"https:\/\/www.behance.net\/gallery\/164627549\/Florescence-digital-art\">River Study \u2013 abstract graphic score<\/a><\/li>\n<li><a href=\"https:\/\/andrzejkaralow.pl\/index.php\/florescence-02\/\">Florescence 02 \u2013 abstract graphic score<\/a><\/li>\n<li><b><\/b><a href=\"https:\/\/andrzejkaralow.pl\/index.php\/blueprint-1\/\">Blueprint #1<span class=\"apple-converted-space\">\u00a0<\/span>for improvising orchestra;<\/a><\/li>\n<li><a href=\"https:\/\/andrzejkaralow.pl\/index.php\/blueprint-2\/\"><span lang=\"EN-US\">Blueprint #2<\/span><span class=\"apple-converted-space\"><span lang=\"EN-US\">\u00a0<\/span><\/span><span lang=\"EN-US\">for improvising flute, english horn and electronics (commissioned by Etymos Ensemble);<\/span><\/a><\/li>\n<li><a href=\"https:\/\/andrzejkaralow.pl\/index.php\/blueprint-3\/\"><span lang=\"EN-US\">Blueprint #3<\/span><span class=\"apple-converted-space\"><span lang=\"EN-US\">\u00a0<\/span><\/span><span lang=\"EN-US\">for organ solo (commissioned by Organ Conversatory in Legnica);<\/span><\/a><\/li>\n<li><a href=\"https:\/\/andrzejkaralow.pl\/index.php\/blueprint-4\/\"><span lang=\"EN-US\">Blueprint #4<\/span><span class=\"apple-converted-space\"><span lang=\"EN-US\">\u00a0<\/span><\/span><span lang=\"EN-US\">for piano and feedback (collective composition w\/ Jurek Prze\u017adziecki);<\/span><\/a><\/li>\n<li><span lang=\"EN-US\">Blueprint #5<\/span><span class=\"apple-converted-space\"><span lang=\"EN-US\">\u00a0<\/span><\/span><span lang=\"EN-US\">(collective open work: Rydzewska\/Kara\u0142ow) for clarinet and prepared piano (12\u2032)<\/span><\/li>\n<\/ul>\n<p>[\/vc_column_text][\/vc_column][\/vc_row]<\/p>\n","protected":false},"excerpt":{"rendered":"<p>[vc_row full_width=&#8221;stretch_row_content&#8221; parallax=&#8221;content-moving&#8221; css=&#8221;.vc_custom_1677102744372{margin-right: 18px !important;margin-left: 18px !important;background-image: url(http:\/\/sweet3.home.pl\/autoinstalator\/nowa\/wp-content\/uploads\/2023\/02\/DSCF4468.jpg?id=132) !important;background-position: center;background-repeat: no-repeat;background-size:cover;}&#8221;][vc_column][vc_empty_space height=&#8221;232px&#8221;][vc_custom_heading text=&#8221;COMPOSER&#8221; font_container=&#8221;tag:h3|font_size:55|text_align:center|color:%23f7f7f7&#8243; google_fonts=&#8221;font_family:Montserrat%3Aregular%2C700|font_style:400%20regular%3A400%3Anormal&#8221;][vc_empty_space height=&#8221;232px&#8221;][\/vc_column][\/vc_row][vc_row css=&#8221;.vc_custom_1677019018987{margin-right: 18px !important;margin-left: 18px !important;}&#8221;][vc_column][vc_empty_space][vc_text_separator title=&#8221;SYMPHONIC AND CHAMBER ORCHESTRA&#8221;][vc_column_text] Denudation \u2013 concerto for piano and orchestra \/ 2023 [30&#8242;] Dunes\u00a0\u2013\u00a0concerto\u00a0for accordion solo, percussion and strings \/ 2020 [20\u2032] Veins\u00a0for orchestra \/ 2019 [8\u2032] Multicolour horizon\u00a0\u2013 symphonic poem in &hellip; <\/p>\n<p class=\"link-more\"><a href=\"https:\/\/andrzejkaralow.pl\/index.php\/composer\/\" class=\"more-link\">Read more<span class=\"screen-reader-text\"> &#8220;Composer&#8221;<\/span><\/a><\/p>\n","protected":false},"author":1,"featured_media":0,"parent":0,"menu_order":0,"comment_status":"closed","ping_status":"closed","template":"page-templates\/full-width-no-title.php","meta":{"footnotes":""},"class_list":["post-83","page","type-page","status-publish","hentry"],"_links":{"self":[{"href":"https:\/\/andrzejkaralow.pl\/index.php\/wp-json\/wp\/v2\/pages\/83","targetHints":{"allow":["GET"]}}],"collection":[{"href":"https:\/\/andrzejkaralow.pl\/index.php\/wp-json\/wp\/v2\/pages"}],"about":[{"href":"https:\/\/andrzejkaralow.pl\/index.php\/wp-json\/wp\/v2\/types\/page"}],"author":[{"embeddable":true,"href":"https:\/\/andrzejkaralow.pl\/index.php\/wp-json\/wp\/v2\/users\/1"}],"replies":[{"embeddable":true,"href":"https:\/\/andrzejkaralow.pl\/index.php\/wp-json\/wp\/v2\/comments?post=83"}],"version-history":[{"count":82,"href":"https:\/\/andrzejkaralow.pl\/index.php\/wp-json\/wp\/v2\/pages\/83\/revisions"}],"predecessor-version":[{"id":1606,"href":"https:\/\/andrzejkaralow.pl\/index.php\/wp-json\/wp\/v2\/pages\/83\/revisions\/1606"}],"wp:attachment":[{"href":"https:\/\/andrzejkaralow.pl\/index.php\/wp-json\/wp\/v2\/media?parent=83"}],"curies":[{"name":"wp","href":"https:\/\/api.w.org\/{rel}","templated":true}]}}