{"id":1368,"date":"2024-06-28T22:32:31","date_gmt":"2024-06-28T20:32:31","guid":{"rendered":"https:\/\/andrzejkaralow.pl\/?page_id=1368"},"modified":"2026-03-16T14:02:26","modified_gmt":"2026-03-16T13:02:26","slug":"wasiucionek-karalow","status":"publish","type":"page","link":"https:\/\/andrzejkaralow.pl\/index.php\/wasiucionek-karalow\/","title":{"rendered":"Ma\u0142gorzata Wasiucionek-Potera \/ Andrzej Kara\u0142ow"},"content":{"rendered":"<p>[vc_row css=&#8221;.vc_custom_1719602808178{background-image: url(https:\/\/andrzejkaralow.pl\/wp-content\/uploads\/2024\/06\/DSC_8087bw-scaled.jpg?id=1384) !important;background-position: center !important;background-repeat: no-repeat !important;background-size: cover !important;}&#8221;][vc_column][vc_empty_space height=&#8221;232px&#8221;][vc_custom_heading text=&#8221;Ma\u0142gorzata Wasiucionek-Potera \/ Andrzej Kara\u0142ow&#8221; font_container=&#8221;tag:h2|font_size:45|text_align:center&#8221; google_fonts=&#8221;font_family:Montserrat%3Aregular%2C700|font_style:400%20regular%3A400%3Anormal&#8221;][vc_empty_space height=&#8221;232px&#8221;][vc_column_text css=&#8221;.vc_custom_1719649060157{padding-right: 5% !important;}&#8221;]<\/p>\n<h6 style=\"text-align: right;\">fot. Magdalena Ha\u0142as<\/h6>\n<p>[\/vc_column_text][\/vc_column][\/vc_row][vc_row][vc_column][vc_column_text]<\/p>\n<p style=\"text-align: center;\">VIOLIN-PIANO DUO focused on XX and XXI-century music.<\/p>\n<p style=\"text-align: center;\">Together they released &#8220;Life &amp; Beyond&#8221; album with music by B. Bart\u00f3k, G. Crumb, W. Lutos\u0142awski and O. Messiaen<\/p>\n<p style=\"text-align: center;\">The album was nominated to annual Fryderyki 2024 award in Chamber Music: Duo category<\/p>\n<p>[\/vc_column_text][\/vc_column][\/vc_row][vc_row full_width=&#8221;stretch_row&#8221; css=&#8221;.vc_custom_1719607313686{background-image: url(https:\/\/andrzejkaralow.pl\/wp-content\/uploads\/2024\/06\/764D399B-D06C-45FA-B53F-3C6A46F6EFDF-Edit.tif?id=1395) !important;}&#8221;][vc_column][vc_text_separator title=&#8221;LISTEN TO &#8220;LIFE &amp; BEYOND&#8220; (STREAMING)&#8221; color=&#8221;black&#8221; css=&#8221;.vc_custom_1768075900685{padding-right: -5% !important;padding-left: -5% !important;}&#8221;][vc_single_image image=&#8221;1428&#8243; img_size=&#8221;large&#8221; alignment=&#8221;center&#8221; onclick=&#8221;custom_link&#8221; img_link_target=&#8221;_blank&#8221; link=&#8221;https:\/\/lnk.fuga.com\/magorzatawasiucionekpoteraandrzejkaraow_lifebeyond?fbclid=IwAR37fLkBLz7dzdH4yp5pmIevoqJYdWv9ciVGroLeAr5kkaw0p0pRwAPI3gI&#8221;][vc_raw_html css=&#8221;.vc_custom_1768075925797{padding-right: 10% !important;padding-left: 10% !important;}&#8221;]JTNDaWZyYW1lJTIwZGF0YS10ZXN0aWQlM0QlMjJlbWJlZC1pZnJhbWUlMjIlMjBzdHlsZSUzRCUyMmJvcmRlci1yYWRpdXMlM0ExMnB4JTIyJTIwc3JjJTNEJTIyaHR0cHMlM0ElMkYlMkZvcGVuLnNwb3RpZnkuY29tJTJGZW1iZWQlMkZhbGJ1bSUyRjVOeklTZ0psV2tQbUs0YXNOUjUzSmIlM0Z1dG1fc291cmNlJTNEZ2VuZXJhdG9yJTIyJTIwd2lkdGglM0QlMjIxMDAlMjUlMjIlMjBoZWlnaHQlM0QlMjIzNTIlMjIlMjBmcmFtZUJvcmRlciUzRCUyMjAlMjIlMjBhbGxvd2Z1bGxzY3JlZW4lM0QlMjIlMjIlMjBhbGxvdyUzRCUyMmF1dG9wbGF5JTNCJTIwY2xpcGJvYXJkLXdyaXRlJTNCJTIwZW5jcnlwdGVkLW1lZGlhJTNCJTIwZnVsbHNjcmVlbiUzQiUyMHBpY3R1cmUtaW4tcGljdHVyZSUyMiUyMGxvYWRpbmclM0QlMjJsYXp5JTIyJTNFJTNDJTJGaWZyYW1lJTNF[\/vc_raw_html][\/vc_column][\/vc_row][vc_row css=&#8221;.vc_custom_1677590030965{padding-right: 5% !important;padding-left: 5% !important;}&#8221;][vc_column][vc_custom_heading text=&#8221;OUR REPERTOIRE&#8221; font_container=&#8221;tag:h2|text_align:center&#8221;][vc_column_text]<\/p>\n<p style=\"text-align: center;\">Toshio Hosokawa &#8211; Lullaby of Itsuki (arr. for violin and piano, 2011)<\/p>\n<p style=\"text-align: center;\">Toru Takemitsu &#8211; Distance de F\u00e9e (1951)<\/p>\n<p style=\"text-align: center;\">Einojuhani Rautavaara &#8211; Summer Thoughts (2008)<\/p>\n<p style=\"text-align: center;\">Kaija Saariaho &#8211; Tocar (2009)<\/p>\n<p style=\"text-align: center;\">Salvatore Sciarrino &#8211; Sonatina (1975)<\/p>\n<p style=\"text-align: center;\">Andrzej Kara\u0142ow &#8211; Air (2025)<\/p>\n<p style=\"text-align: center;\">Erkki-Sven Tuur &#8211; Conversio (1994)<\/p>\n<p style=\"text-align: center;\">Witold Lutos\u0142awski &#8211; Recitativo e arioso (1951)<\/p>\n<p style=\"text-align: center;\">Bela Bart\u00f3k \u2013 <i>Sonata<\/i> for violin and piano n. 1, Sz. 75<\/p>\n<p style=\"text-align: center;\">Maurice Ravel \u2013 <i>Sonata<\/i> for violin and piano nr 2 G-dur, M. 77<\/p>\n<p style=\"text-align: center;\">Andrzej Kara\u0142ow \u2013 <i>Sonata<\/i> for violin and piano (2013)<\/p>\n<p style=\"text-align: center;\">George Crumb \u2013 <i>Four Nocturnes (Night Music II)<\/i><\/p>\n<p style=\"text-align: center;\">Olivier Messiaen \u2013\u00a0 from <i>Quatuor pour la fin du Temps \u2013 VIII: Louange \u00e0 l&#8217;Immortalit\u00e9 de J\u00e9sus<\/i><\/p>\n<p style=\"text-align: center;\">Leo\u0161 Jan\u00e1\u010dek \u2013 <i>Violin Sonata<\/i><\/p>\n<p style=\"text-align: center;\">Witold Lutos\u0142awski \u2013 <i>Subito<\/i><\/p>\n<p style=\"text-align: center;\">Witold Lutos\u0142awski \u2013 <i>Partita<\/i><\/p>\n<p style=\"text-align: center;\">Morton Feldman \u2013\u00a0<i>Vertical Thoughts 2<\/i><\/p>\n<p style=\"text-align: center;\">Mieczys\u0142aw Wajnberg \u2013 <i>Nocturne<\/i> from 3 pieces for violin and piano<\/p>\n<p style=\"text-align: center;\">Max Bruch \u2013\u00a0<i>Kol Nidrei\u00a0<\/i>(transcription for violin and piano) and other transcriptions<\/p>\n<p>[\/vc_column_text][\/vc_column][\/vc_row][vc_row content_placement=&#8221;middle&#8221; parallax=&#8221;content-moving-fade&#8221; css=&#8221;.vc_custom_1719603118358{background-image: url(https:\/\/andrzejkaralow.pl\/wp-content\/uploads\/2024\/06\/DSC_8013bw-scaled.jpg?id=1382) !important;background-position: 0 0;background-repeat:-repeat;}&#8221;][vc_column][vc_empty_space height=&#8221;332px&#8221;][vc_column_text css=&#8221;.vc_custom_1719608209642{padding-right: 10% !important;padding-left: 10% !important;}&#8221;]<em>\u2018Let us examine green. Let us go together \/ to see it all unstable and becoming \/ violent and testing gravity \/ so natural in its hunger.\u2019 This beautiful passage from Peter Gizzi\u2019s poem Human Memory Is Organic comes to my mind while I am listening to the album by Ma\u0142gorzata Wasiucionek and Andrzej Kara\u0142ow. An album with a\u2014to put it bluntly\u2014total title, for can you imagine a world more capacious than life and what is beyond it? It is only Sartre\u2019s Being and Nothingness that could be a worthy opponent.<\/em><\/p>\n<p><em>We are able to observe manifestations of life, to determine its parameters, to bring together everything we see into certain quantifiable formulas; nevertheless, we have no idea what life is in its essence. To the discovery of life\u2019s deepest mystery these parameters mean little more than a silent score before someone performs it; before it is lived out. We can, of course, study harmonic structures or analyse dynamic and agogic changes. Music, however, is more than the sum of the components written down on paper\u2014it goes beyond itself, and in many ways; it is transcendent.<\/em><\/p>\n<p style=\"text-align: right;\">from booklet note by Maciej Papierski<\/p>\n<p>[\/vc_column_text][vc_empty_space height=&#8221;332px&#8221;][vc_column_text css=&#8221;.vc_custom_1719602577533{margin-right: 131px !important;}&#8221;]<\/p>\n<p style=\"text-align: right;\">fot. Magdalena Ha\u0142as<\/p>\n<p>[\/vc_column_text][\/vc_column][\/vc_row][vc_row][vc_column][vc_text_separator title=&#8221;WHO ARE WE&#8221;][\/vc_column][\/vc_row][vc_row css=&#8221;.vc_custom_1677590043133{padding-right: 5% !important;padding-left: 5% !important;background-color: #000000 !important;}&#8221;][vc_column width=&#8221;1\/4&#8243;][vc_single_image image=&#8221;1430&#8243; img_size=&#8221;full&#8221; alignment=&#8221;center&#8221; onclick=&#8221;link_image&#8221;][vc_column_text]<\/p>\n<h6 style=\"text-align: center;\">fot. Magdalena Ha\u0142as<\/h6>\n<p>[\/vc_column_text][\/vc_column][vc_column width=&#8221;3\/4&#8243;][vc_column_text]A graduate of the Fryderyk Chopin University of Music in Warsaw, where she received a degree with honors in the studio of Prof. Roman Lasocki, Ma\u0142gorzata Wasiucionek-Potera has also trained with\u00a0Pierre Amoyal at the Universit\u00e4t Mozarteum in Salzburg. Having begun her musical education in\u00a0Jelenia G\u00f3ra under the tutelage of Ludmi\u0142a So\u0142owiewicz, Wasiucionek-Potera now holds a Habilitated Doctor of Musical Arts degree and is an assistant professor at the Karol Szymanowski Academy of Music in\u00a0Katowice. She also teaches violin performance at the Karol Szymanowski State Music Secondary\u00a0School in Katowice. On an everyday basis, the artist is associated with Messages Quartet and since\u00a02014, she has collaborated regularly with pianist Sylwia Michalik.<\/p>\n<p>The violinist has participated several times in the prestigious International Academy Switzerland\u00a0founded and led by conducting legend Seiji Ozawa. In 2015, she was honored by the maestro with the\u00a0opportunity to take part in a festival to celebrate his 80 th<span class=\"Apple-converted-space\">\u00a0 <\/span>birthday \u2013 the Seiji Ozawa Matsumoto\u00a0Festival in Japan.<\/p>\n<p>The artist has concertized as a soloist with both Polish and foreign orchestras, among others the\u00a0Amadeus Polish Radio Orchestra; Sinfonia Varsovia; the Silesian, Rzesz\u00f3w, Bia\u0142ystok, Philharmonic\u00a0Orchestras; as well as the Calgary Symphony, Loh-Orchester Sondershausen and Philharmonisches\u00a0Orchester des Staatstheaters Cottbus.<\/p>\n<p>Wasiucionek-Potera is a laureate of national and international competitions; among other awards, she has\u00a0won 2 nd<span class=\"Apple-converted-space\">\u00a0 <\/span>Prize at the Atlantic Coast Festival International Soloists\u2019 Competition in Esposende, Portugal\u00a0(2016); 2 nd<span class=\"Apple-converted-space\">\u00a0 <\/span>place and the Dmitri Shostakovich special prize at the 2 nd<span class=\"Apple-converted-space\">\u00a0 <\/span>International Chamber Music\u00a0Competition in Plovdiv, Bulgaria (2015); 1 st<span class=\"Apple-converted-space\">\u00a0 <\/span>place and a special prize at the 4 th<span class=\"Apple-converted-space\">\u00a0 <\/span>Micha\u0142 Spisak\u00a0International Competition in D\u0105browa G\u00f3rnicza (2010); 1 st<span class=\"Apple-converted-space\">\u00a0 <\/span>place and four special prizes at the\u00a07 th<span class=\"Apple-converted-space\">\u00a0 <\/span>\u2018Young Paganini\u2019 National Violin Competition in Legnica (2009).<\/p>\n<p>Ma\u0142gorzata Wasiucionek-Potera received scholarships in the 7 th<span class=\"Apple-converted-space\">\u00a0 <\/span>and 8 th<span class=\"Apple-converted-space\">\u00a0 <\/span>editions of the Young Poland\u00a0program; she has also received scholarships from the zDolny \u015al\u0105sk program, the Minister of Culture\u00a0and National Heritage, the Minister of Science and Higher Education, the Polish Children\u2019s Fund and\u00a0the Banque Soci\u00e9t\u00e9 G\u00e9n\u00e9rale. The Rectors\u2019 Committee of the Fryderyk Chopin University of Music in\u00a0Warsaw has awarded her the \u2018Magna cum laude\u2019 medal.[\/vc_column_text][\/vc_column][\/vc_row][vc_row css=&#8221;.vc_custom_1677590049285{padding-right: 5% !important;padding-left: 5% !important;}&#8221;][vc_column width=&#8221;1\/4&#8243;][vc_single_image image=&#8221;1431&#8243; img_size=&#8221;large&#8221; alignment=&#8221;center&#8221; onclick=&#8221;link_image&#8221;][vc_column_text]<\/p>\n<h6 style=\"text-align: center;\">fot. Magdalena Ha\u0142as<\/h6>\n<p>[\/vc_column_text][\/vc_column][vc_column width=&#8221;3\/4&#8243;][vc_column_text]Composer, pianist, improviser, teacher, Doctor of Musical Arts. He graduated with honours from the Chopin University of Music in the piano class of Bronis\u0142awa Kawalla (2015) and in the composition class of Stanis\u0142aw Moryto (2016). He also graduated from the Music Manager postgraduate studies (2021), organized by his alma mater. Since 2016, he has been a lecturer at the Chopin University of Music and since 2021 \u2013 head of the Music Creator postgraduate studies.<\/p>\n<p>He has won prizes in a number of piano and composers\u2019 competitions. As a soloist, he has performed in Poland and abroad as well as with renowned symphony orchestras, e.g. the Warsaw Philharmonic Symphony Orchestra, Sinfonia Varsovia, or the Polish Radio Symphony Orchestra. He has been developing his performing skills at various piano master courses, including in Oxford, Bergen, Imola, Leipzig, or Duszniki-Zdr\u00f3j. At the same time, he has been working on his compositional technique, e.g. at the Festival Mixtur in Barcelona, the LABO Montreal Contemporary Music Lab, the VIPA Festival in Valencia, the Synthetis in Radziejowice, or the Impuls Festival in Graz. In the 2018\/2019 concert season, he was included in the London Philharmonic Orchestra Young Composers Programme, as part of which one of his compositions was premiered at the London Southbank Centre.<\/p>\n<p>In his works he combines inspirations from various artistic disciplines, thus creating his own unique musical language. His pieces are performed in Poland and abroad (the USA, Canada, Japan, England, Spain, Germany, Bulgaria, France, Estonia, Australia, Italy, and Hungary). He has several dozen albums to his credit produced by Ablaze Records, DUX, Chopin University Press (<i>De invitatione mortis<\/i>, 2020 \u2013 nominated for Fryderyk 2021), B\u00f4\u0142t Records, or Requiem Records.<\/p>\n<p>Scholarship holder of the Minister of Science and Higher Education, the Pro Polonia Association (twice), and of the Rector of the Chopin University of Music. In 2014, he won the Award of the Minister of Culture and National Heritage and in 2015 \u2013 the M\u0142oda Polska [Young Poland] scholarship. In 2017, he received the \u2018Magna cum Laude\u2019 medal for the best graduate of the Chopin University of Music.[\/vc_column_text][\/vc_column][\/vc_row][vc_row css=&#8221;.vc_custom_1677590062993{padding-right: 5% !important;padding-left: 5% !important;}&#8221;][vc_column][vc_raw_html]JTNDaWZyYW1lJTIwc3R5bGUlM0QlMjJib3JkZXItcmFkaXVzJTNBMTJweCUyMiUyMHNyYyUzRCUyMmh0dHBzJTNBJTJGJTJGb3Blbi5zcG90aWZ5LmNvbSUyRmVtYmVkJTJGdHJhY2slMkY1WUVYZ2RiZ0hOaTVRRVF6R3owOXVEJTNGdXRtX3NvdXJjZSUzRGdlbmVyYXRvciUyNnRoZW1lJTNEMCUyMiUyMHdpZHRoJTNEJTIyMTAwJTI1JTIyJTIwaGVpZ2h0JTNEJTIyMTUyJTIyJTIwZnJhbWVCb3JkZXIlM0QlMjIwJTIyJTIwYWxsb3dmdWxsc2NyZWVuJTNEJTIyJTIyJTIwYWxsb3clM0QlMjJhdXRvcGxheSUzQiUyMGNsaXBib2FyZC13cml0ZSUzQiUyMGVuY3J5cHRlZC1tZWRpYSUzQiUyMGZ1bGxzY3JlZW4lM0IlMjBwaWN0dXJlLWluLXBpY3R1cmUlMjIlMjBsb2FkaW5nJTNEJTIybGF6eSUyMiUzRSUzQyUyRmlmcmFtZSUzRQ==[\/vc_raw_html][\/vc_column][\/vc_row][vc_row css=&#8221;.vc_custom_1719603535267{padding-right: 5% !important;padding-left: 5% !important;background-image: url(https:\/\/andrzejkaralow.pl\/wp-content\/uploads\/2024\/06\/87D1BB3C-B74D-49BD-854A-9228FB49A80C-Edit.tif?id=1394) !important;background-position: center !important;background-repeat: no-repeat !important;background-size: cover !important;}&#8221;][vc_column][vc_gallery type=&#8221;image_grid&#8221; images=&#8221;1384,1383,1382,1381,1380,1331,1431,1430&#8243; img_size=&#8221;medium&#8221; onclick=&#8221;img_link_large&#8221;][vc_column_text]<\/p>\n<h6 style=\"text-align: right;\">fot. Magdalena Ha\u0142as \u00a0\/ cover photo: Andrzej Kara\u0142ow<\/h6>\n<p>[\/vc_column_text][\/vc_column][\/vc_row][vc_row][vc_column][vc_video link=&#8221;https:\/\/youtu.be\/_nP6kSXNAN8?si=O0kgf5TKeHbJJ3qs&#8221; el_width=&#8221;50&#8243; align=&#8221;center&#8221;][\/vc_column][\/vc_row]<\/p>\n","protected":false},"excerpt":{"rendered":"<p>[vc_row css=&#8221;.vc_custom_1719602808178{background-image: url(https:\/\/andrzejkaralow.pl\/wp-content\/uploads\/2024\/06\/DSC_8087bw-scaled.jpg?id=1384) !important;background-position: center !important;background-repeat: no-repeat !important;background-size: cover !important;}&#8221;][vc_column][vc_empty_space height=&#8221;232px&#8221;][vc_custom_heading text=&#8221;Ma\u0142gorzata Wasiucionek-Potera \/ Andrzej Kara\u0142ow&#8221; font_container=&#8221;tag:h2|font_size:45|text_align:center&#8221; google_fonts=&#8221;font_family:Montserrat%3Aregular%2C700|font_style:400%20regular%3A400%3Anormal&#8221;][vc_empty_space height=&#8221;232px&#8221;][vc_column_text css=&#8221;.vc_custom_1719649060157{padding-right: 5% !important;}&#8221;] fot. Magdalena Ha\u0142as [\/vc_column_text][\/vc_column][\/vc_row][vc_row][vc_column][vc_column_text] VIOLIN-PIANO DUO focused on XX and XXI-century music. Together they released &#8220;Life &amp; Beyond&#8221; album with music by B. Bart\u00f3k, G. Crumb, W. Lutos\u0142awski and O. Messiaen The album &hellip; <\/p>\n<p class=\"link-more\"><a href=\"https:\/\/andrzejkaralow.pl\/index.php\/wasiucionek-karalow\/\" class=\"more-link\">Read more<span class=\"screen-reader-text\"> &#8220;Ma\u0142gorzata Wasiucionek-Potera \/ Andrzej Kara\u0142ow&#8221;<\/span><\/a><\/p>\n","protected":false},"author":1,"featured_media":0,"parent":0,"menu_order":0,"comment_status":"closed","ping_status":"closed","template":"page-templates\/full-width-transparent.php","meta":{"footnotes":""},"class_list":["post-1368","page","type-page","status-publish","hentry"],"_links":{"self":[{"href":"https:\/\/andrzejkaralow.pl\/index.php\/wp-json\/wp\/v2\/pages\/1368","targetHints":{"allow":["GET"]}}],"collection":[{"href":"https:\/\/andrzejkaralow.pl\/index.php\/wp-json\/wp\/v2\/pages"}],"about":[{"href":"https:\/\/andrzejkaralow.pl\/index.php\/wp-json\/wp\/v2\/types\/page"}],"author":[{"embeddable":true,"href":"https:\/\/andrzejkaralow.pl\/index.php\/wp-json\/wp\/v2\/users\/1"}],"replies":[{"embeddable":true,"href":"https:\/\/andrzejkaralow.pl\/index.php\/wp-json\/wp\/v2\/comments?post=1368"}],"version-history":[{"count":47,"href":"https:\/\/andrzejkaralow.pl\/index.php\/wp-json\/wp\/v2\/pages\/1368\/revisions"}],"predecessor-version":[{"id":1618,"href":"https:\/\/andrzejkaralow.pl\/index.php\/wp-json\/wp\/v2\/pages\/1368\/revisions\/1618"}],"wp:attachment":[{"href":"https:\/\/andrzejkaralow.pl\/index.php\/wp-json\/wp\/v2\/media?parent=1368"}],"curies":[{"name":"wp","href":"https:\/\/api.w.org\/{rel}","templated":true}]}}