{"id":1067,"date":"2023-02-27T18:40:48","date_gmt":"2023-02-27T17:40:48","guid":{"rendered":"http:\/\/sweet3.home.pl\/autoinstalator\/nowa\/?page_id=1067"},"modified":"2023-02-28T14:05:41","modified_gmt":"2023-02-28T13:05:41","slug":"sonata-for-accordion","status":"publish","type":"page","link":"https:\/\/andrzejkaralow.pl\/index.php\/sonata-for-accordion\/","title":{"rendered":"SONATA for accordion"},"content":{"rendered":"<p>[vc_row full_width=&#8221;stretch_row_content&#8221; parallax=&#8221;content-moving&#8221; css=&#8221;.vc_custom_1677410553052{margin-right: 18px !important;margin-left: 18px !important;background-position: 0 0;background-repeat: no-repeat !important;}&#8221;][vc_column][vc_custom_heading text=&#8221;SONATA for accordion solo&#8221; font_container=&#8221;tag:h3|font_size:55|text_align:center|color:%23f7f7f7&#8243; google_fonts=&#8221;font_family:Montserrat%3Aregular%2C700|font_style:400%20regular%3A400%3Anormal&#8221;][\/vc_column][\/vc_row][vc_row css=&#8221;.vc_custom_1677589540642{padding-right: 5% !important;padding-left: 5% !important;}&#8221;][vc_column][vc_column_text]<\/p>\n<ul>\n<li>year: 2015<b><\/b><\/li>\n<li>lenght: 17\u2032<\/li>\n<li><span lang=\"EN-US\">instrumentation: accordion solo<\/span><\/li>\n<li>commissioned by Rafa\u0142 Grz\u0105ka<\/li>\n<li><span lang=\"EN-US\">premiere: August 2019 by Rafa\u0142 Grz\u0105ka<\/span><\/li>\n<\/ul>\n<p>[\/vc_column_text][\/vc_column][\/vc_row]<\/p>\n","protected":false},"excerpt":{"rendered":"<p>[vc_row full_width=&#8221;stretch_row_content&#8221; parallax=&#8221;content-moving&#8221; css=&#8221;.vc_custom_1677410553052{margin-right: 18px !important;margin-left: 18px !important;background-position: 0 0;background-repeat: no-repeat !important;}&#8221;][vc_column][vc_custom_heading text=&#8221;SONATA for accordion solo&#8221; font_container=&#8221;tag:h3|font_size:55|text_align:center|color:%23f7f7f7&#8243; google_fonts=&#8221;font_family:Montserrat%3Aregular%2C700|font_style:400%20regular%3A400%3Anormal&#8221;][\/vc_column][\/vc_row][vc_row css=&#8221;.vc_custom_1677589540642{padding-right: 5% !important;padding-left: 5% !important;}&#8221;][vc_column][vc_column_text] year: 2015 lenght: 17\u2032 instrumentation: accordion solo commissioned by Rafa\u0142 Grz\u0105ka premiere: August 2019 by Rafa\u0142 Grz\u0105ka [\/vc_column_text][\/vc_column][\/vc_row]<\/p>\n","protected":false},"author":1,"featured_media":0,"parent":0,"menu_order":0,"comment_status":"closed","ping_status":"closed","template":"page-templates\/full-width-no-title.php","meta":{"footnotes":""},"class_list":["post-1067","page","type-page","status-publish","hentry"],"_links":{"self":[{"href":"https:\/\/andrzejkaralow.pl\/index.php\/wp-json\/wp\/v2\/pages\/1067","targetHints":{"allow":["GET"]}}],"collection":[{"href":"https:\/\/andrzejkaralow.pl\/index.php\/wp-json\/wp\/v2\/pages"}],"about":[{"href":"https:\/\/andrzejkaralow.pl\/index.php\/wp-json\/wp\/v2\/types\/page"}],"author":[{"embeddable":true,"href":"https:\/\/andrzejkaralow.pl\/index.php\/wp-json\/wp\/v2\/users\/1"}],"replies":[{"embeddable":true,"href":"https:\/\/andrzejkaralow.pl\/index.php\/wp-json\/wp\/v2\/comments?post=1067"}],"version-history":[{"count":2,"href":"https:\/\/andrzejkaralow.pl\/index.php\/wp-json\/wp\/v2\/pages\/1067\/revisions"}],"predecessor-version":[{"id":1145,"href":"https:\/\/andrzejkaralow.pl\/index.php\/wp-json\/wp\/v2\/pages\/1067\/revisions\/1145"}],"wp:attachment":[{"href":"https:\/\/andrzejkaralow.pl\/index.php\/wp-json\/wp\/v2\/media?parent=1067"}],"curies":[{"name":"wp","href":"https:\/\/api.w.org\/{rel}","templated":true}]}}