{"id":1015,"date":"2023-02-27T16:35:36","date_gmt":"2023-02-27T15:35:36","guid":{"rendered":"http:\/\/sweet3.home.pl\/autoinstalator\/nowa\/?page_id=1015"},"modified":"2023-02-28T13:35:45","modified_gmt":"2023-02-28T12:35:45","slug":"4-songs-to-words-by-kazimiera-illakowiczowna","status":"publish","type":"page","link":"https:\/\/andrzejkaralow.pl\/index.php\/4-songs-to-words-by-kazimiera-illakowiczowna\/","title":{"rendered":"4 Songs to words by Kazimiera I\u0142\u0142akowicz\u00f3wna"},"content":{"rendered":"<p>[vc_row full_width=&#8221;stretch_row_content&#8221; parallax=&#8221;content-moving&#8221; css=&#8221;.vc_custom_1677512076441{margin-right: 18px !important;margin-left: 18px !important;}&#8221;][vc_column][vc_custom_heading text=&#8221;4 Songs to words by Kazimiera I\u0142\u0142akowicz\u00f3wna&#8221; font_container=&#8221;tag:h3|font_size:55|text_align:center|color:%23f7f7f7&#8243; google_fonts=&#8221;font_family:Montserrat%3Aregular%2C700|font_style:400%20regular%3A400%3Anormal&#8221;][\/vc_column][\/vc_row][vc_row css=&#8221;.vc_custom_1677587743971{padding-right: 5% !important;padding-left: 5% !important;}&#8221;][vc_column][vc_column_text]<\/p>\n<ul>\n<li><span lang=\"EN-US\">year: 2022<b><\/b><\/span><\/li>\n<li><span lang=\"EN-US\">lenght: ca. 13-15&#8242;<\/span><\/li>\n<li><span lang=\"EN-US\">instrumentation: soprano (voice), piano<\/span><\/li>\n<li>commissioned by Aleksandra \u017bakiewicz and Tomasz Doma\u0144ski<\/li>\n<li><span style=\"font-size: 16px;\">premiere in Jab\u0142onna Palace, 13.11.2022<\/span><\/li>\n<\/ul>\n<p>[\/vc_column_text][\/vc_column][\/vc_row]<\/p>\n","protected":false},"excerpt":{"rendered":"<p>[vc_row full_width=&#8221;stretch_row_content&#8221; parallax=&#8221;content-moving&#8221; css=&#8221;.vc_custom_1677512076441{margin-right: 18px !important;margin-left: 18px !important;}&#8221;][vc_column][vc_custom_heading text=&#8221;4 Songs to words by Kazimiera I\u0142\u0142akowicz\u00f3wna&#8221; font_container=&#8221;tag:h3|font_size:55|text_align:center|color:%23f7f7f7&#8243; google_fonts=&#8221;font_family:Montserrat%3Aregular%2C700|font_style:400%20regular%3A400%3Anormal&#8221;][\/vc_column][\/vc_row][vc_row css=&#8221;.vc_custom_1677587743971{padding-right: 5% !important;padding-left: 5% !important;}&#8221;][vc_column][vc_column_text] year: 2022 lenght: ca. 13-15&#8242; instrumentation: soprano (voice), piano commissioned by Aleksandra \u017bakiewicz and Tomasz Doma\u0144ski premiere in Jab\u0142onna Palace, 13.11.2022 [\/vc_column_text][\/vc_column][\/vc_row]<\/p>\n","protected":false},"author":1,"featured_media":0,"parent":0,"menu_order":0,"comment_status":"closed","ping_status":"closed","template":"page-templates\/full-width-no-title.php","meta":{"footnotes":""},"class_list":["post-1015","page","type-page","status-publish","hentry"],"_links":{"self":[{"href":"https:\/\/andrzejkaralow.pl\/index.php\/wp-json\/wp\/v2\/pages\/1015","targetHints":{"allow":["GET"]}}],"collection":[{"href":"https:\/\/andrzejkaralow.pl\/index.php\/wp-json\/wp\/v2\/pages"}],"about":[{"href":"https:\/\/andrzejkaralow.pl\/index.php\/wp-json\/wp\/v2\/types\/page"}],"author":[{"embeddable":true,"href":"https:\/\/andrzejkaralow.pl\/index.php\/wp-json\/wp\/v2\/users\/1"}],"replies":[{"embeddable":true,"href":"https:\/\/andrzejkaralow.pl\/index.php\/wp-json\/wp\/v2\/comments?post=1015"}],"version-history":[{"count":2,"href":"https:\/\/andrzejkaralow.pl\/index.php\/wp-json\/wp\/v2\/pages\/1015\/revisions"}],"predecessor-version":[{"id":1104,"href":"https:\/\/andrzejkaralow.pl\/index.php\/wp-json\/wp\/v2\/pages\/1015\/revisions\/1104"}],"wp:attachment":[{"href":"https:\/\/andrzejkaralow.pl\/index.php\/wp-json\/wp\/v2\/media?parent=1015"}],"curies":[{"name":"wp","href":"https:\/\/api.w.org\/{rel}","templated":true}]}}