{"id":1006,"date":"2023-02-27T16:29:50","date_gmt":"2023-02-27T15:29:50","guid":{"rendered":"http:\/\/sweet3.home.pl\/autoinstalator\/nowa\/?page_id=1006"},"modified":"2023-02-28T14:07:40","modified_gmt":"2023-02-28T13:07:40","slug":"out-of-the-light-of-the-two-suns-a-phantasmagorical-city-appears","status":"publish","type":"page","link":"https:\/\/andrzejkaralow.pl\/index.php\/out-of-the-light-of-the-two-suns-a-phantasmagorical-city-appears\/","title":{"rendered":"Out of the light of the two suns a phantasmagorical city appears"},"content":{"rendered":"<p>[vc_row full_width=&#8221;stretch_row_content&#8221; parallax=&#8221;content-moving&#8221; css=&#8221;.vc_custom_1677511716925{margin-right: 18px !important;margin-left: 18px !important;background-image: url(http:\/\/sweet3.home.pl\/autoinstalator\/nowa\/wp-content\/uploads\/2023\/02\/5AEF4E80-BB03-4EDA-AEFC-C48652AAA0EE-18046-00000B2F4EB942D6.jpg?id=1007) !important;}&#8221;][vc_column][vc_empty_space height=&#8221;132px&#8221;][vc_custom_heading text=&#8221;Out of the light of the two suns a phantasmagorical city appears&#8221; font_container=&#8221;tag:h3|font_size:55|text_align:center|color:%23f7f7f7&#8243; google_fonts=&#8221;font_family:Montserrat%3Aregular%2C700|font_style:400%20regular%3A400%3Anormal&#8221;][vc_empty_space height=&#8221;132px&#8221;][\/vc_column][\/vc_row][vc_row css=&#8221;.vc_custom_1677589659049{padding-right: 5% !important;padding-left: 5% !important;}&#8221;][vc_column][vc_column_text]<\/p>\n<ul>\n<li><span lang=\"EN-US\">year: 2021<b><\/b><\/span><\/li>\n<li><span lang=\"EN-US\">lenght: ca. 14&#8242;<\/span><\/li>\n<li><span lang=\"EN-US\">instrumentation: vocal sextet (smmtbb)<\/span><\/li>\n<li>electronics consists of: precomposed audio tracks and tabletop electric guitar with effects<\/li>\n<li>commissioned by proMODERN vocal sextet<\/li>\n<li>premiere during Sacrum Profanum Festival in Krakow 2.10.2021<\/li>\n<\/ul>\n<div class=\"page\" title=\"Page 3\">\n<div class=\"layoutArea\" style=\"text-align: justify;\">Out of the light of the two suns a phantasmagorical city appears (2021) to przede wszystkim pejzaz\u0307, muzyczne uje\u0328cie konkretnego kadru, w kto\u0301rym ro\u0301wnorze\u0328dna\u0328 role\u0328 gra zaro\u0301wno przedstawienie przeplataja\u0328cych sie\u0328 s\u0301wiate\u0142 i koloro\u0301w, jak i sama sie\u0328 historia. Inspiracja zaczerpnie\u0328ta zosta\u0142a z opisu zachowania tajemniczego, z\u0307yja\u0328cego oceanu, z kto\u0301rym pro\u0301ba komunikacji przez cz\u0142owieka jest jednym z g\u0142o\u0301wnych wa\u0328tko\u0301w powies\u0301ci \u201eSolaris\u201d Stanis\u0142awa Lema. W lekturze \u201eSolaris\u201d natkniemy sie\u0328 na motyw, w kto\u0301rym Andre Berton poszukuje zaginionego towarzysza i w trakcie swojej podro\u0301z\u0307y widzi mie\u0328dzy innymi fantasmagoryczne miasto. Kompozycja jest rodzajem impresji, wizja\u0328 surrealistycznego snu, czy wspomnienia. Berton najprawdopodobniej zobaczy\u0142 od\u0142amki wch\u0142onie\u0328tej przez ocean psychiki cz\u0142owieka, kto\u0301ry zgina\u0328\u0142 na Solaris.Wizualizowane przez tajemniczy organizm miasto moz\u0307na rozumiec\u0301 jako symbol dawnego z\u0307ycia, kto\u0301re w metaforycznym sensie uleg\u0142o zag\u0142adzie. Miasto moz\u0307e byc\u0301 tez\u0307 rozumiane jako zespo\u0301\u0142 mno\u0301stwa istnien\u0301 i posiadac\u0301 w sobie cos\u0301 totalnego. Taka wizja w &#8220;Solaris&#8221; moz\u0307e byc\u0301 tez\u0307 pewnego rodzaju symbolem ca\u0142kowitej utraty dawnego z\u0307ycia. Ca\u0142ej tej wizji towarzyszy s\u0301wiat\u0142o dwo\u0301ch s\u0142on\u0301c Solaris \u2013 czerwone i niebieskie \u2013 kto\u0301rych fluktuacje i za\u0142amania sa\u0328 czynnikiem wp\u0142ywaja\u0328cym na kszta\u0142towanie materia\u0142u muzycznego w samej kompozycji.<\/div>\n<\/div>\n<p>[\/vc_column_text][\/vc_column][\/vc_row]<\/p>\n","protected":false},"excerpt":{"rendered":"<p>[vc_row full_width=&#8221;stretch_row_content&#8221; parallax=&#8221;content-moving&#8221; css=&#8221;.vc_custom_1677511716925{margin-right: 18px !important;margin-left: 18px !important;background-image: url(http:\/\/sweet3.home.pl\/autoinstalator\/nowa\/wp-content\/uploads\/2023\/02\/5AEF4E80-BB03-4EDA-AEFC-C48652AAA0EE-18046-00000B2F4EB942D6.jpg?id=1007) !important;}&#8221;][vc_column][vc_empty_space height=&#8221;132px&#8221;][vc_custom_heading text=&#8221;Out of the light of the two suns a phantasmagorical city appears&#8221; font_container=&#8221;tag:h3|font_size:55|text_align:center|color:%23f7f7f7&#8243; google_fonts=&#8221;font_family:Montserrat%3Aregular%2C700|font_style:400%20regular%3A400%3Anormal&#8221;][vc_empty_space height=&#8221;132px&#8221;][\/vc_column][\/vc_row][vc_row css=&#8221;.vc_custom_1677589659049{padding-right: 5% !important;padding-left: 5% !important;}&#8221;][vc_column][vc_column_text] year: 2021 lenght: ca. 14&#8242; instrumentation: vocal sextet (smmtbb) electronics consists of: precomposed audio tracks and tabletop electric guitar with effects commissioned by proMODERN &hellip; <\/p>\n<p class=\"link-more\"><a href=\"https:\/\/andrzejkaralow.pl\/index.php\/out-of-the-light-of-the-two-suns-a-phantasmagorical-city-appears\/\" class=\"more-link\">Read more<span class=\"screen-reader-text\"> &#8220;Out of the light of the two suns a phantasmagorical city appears&#8221;<\/span><\/a><\/p>\n","protected":false},"author":1,"featured_media":0,"parent":0,"menu_order":0,"comment_status":"closed","ping_status":"closed","template":"page-templates\/full-width-no-title.php","meta":{"footnotes":""},"class_list":["post-1006","page","type-page","status-publish","hentry"],"_links":{"self":[{"href":"https:\/\/andrzejkaralow.pl\/index.php\/wp-json\/wp\/v2\/pages\/1006","targetHints":{"allow":["GET"]}}],"collection":[{"href":"https:\/\/andrzejkaralow.pl\/index.php\/wp-json\/wp\/v2\/pages"}],"about":[{"href":"https:\/\/andrzejkaralow.pl\/index.php\/wp-json\/wp\/v2\/types\/page"}],"author":[{"embeddable":true,"href":"https:\/\/andrzejkaralow.pl\/index.php\/wp-json\/wp\/v2\/users\/1"}],"replies":[{"embeddable":true,"href":"https:\/\/andrzejkaralow.pl\/index.php\/wp-json\/wp\/v2\/comments?post=1006"}],"version-history":[{"count":4,"href":"https:\/\/andrzejkaralow.pl\/index.php\/wp-json\/wp\/v2\/pages\/1006\/revisions"}],"predecessor-version":[{"id":1154,"href":"https:\/\/andrzejkaralow.pl\/index.php\/wp-json\/wp\/v2\/pages\/1006\/revisions\/1154"}],"wp:attachment":[{"href":"https:\/\/andrzejkaralow.pl\/index.php\/wp-json\/wp\/v2\/media?parent=1006"}],"curies":[{"name":"wp","href":"https:\/\/api.w.org\/{rel}","templated":true}]}}