{"id":1004,"date":"2023-02-27T16:27:24","date_gmt":"2023-02-27T15:27:24","guid":{"rendered":"http:\/\/sweet3.home.pl\/autoinstalator\/nowa\/?page_id=1004"},"modified":"2023-02-28T14:11:19","modified_gmt":"2023-02-28T13:11:19","slug":"usnijze-mi-usnij-for-soprano-percussion-piano-and-electronics","status":"publish","type":"page","link":"https:\/\/andrzejkaralow.pl\/index.php\/usnijze-mi-usnij-for-soprano-percussion-piano-and-electronics\/","title":{"rendered":"U\u015bnij\u017ce mi, u\u015bnij for soprano, percussion, piano and electronics"},"content":{"rendered":"<p>[vc_row full_width=&#8221;stretch_row_content&#8221; parallax=&#8221;content-moving&#8221; css=&#8221;.vc_custom_1677511487595{margin-right: 18px !important;margin-left: 18px !important;}&#8221;][vc_column][vc_custom_heading text=&#8221;U\u015bnij\u017ce mi, u\u015bnij&#8221; font_container=&#8221;tag:h3|font_size:55|text_align:center|color:%23f7f7f7&#8243; google_fonts=&#8221;font_family:Montserrat%3Aregular%2C700|font_style:400%20regular%3A400%3Anormal&#8221;][\/vc_column][\/vc_row][vc_row css=&#8221;.vc_custom_1677589878027{padding-right: 5% !important;padding-left: 5% !important;}&#8221;][vc_column][vc_column_text]<\/p>\n<ul>\n<li style=\"text-align: justify;\"><span lang=\"EN-US\">year: 2021<b><\/b><\/span><\/li>\n<li>words by Micha\u0142 Zdunik<\/li>\n<li style=\"text-align: justify;\"><span lang=\"EN-US\">lenght: ca. 7&#8242;<\/span><\/li>\n<li style=\"text-align: justify;\"><span lang=\"EN-US\">instrumentation: <\/span>\n<ul>\n<li>piano, percussion, soprano, electronics<\/li>\n<\/ul>\n<\/li>\n<li>electronics consists of: precomposed audio tracks<\/li>\n<li style=\"text-align: justify;\">commissioned ko-MAT ensemble<\/li>\n<li>premiere 25.09.2021 &#8220;Warsaw Autumn&#8221; festival<\/li>\n<\/ul>\n<p>[\/vc_column_text][\/vc_column][\/vc_row]<\/p>\n","protected":false},"excerpt":{"rendered":"<p>[vc_row full_width=&#8221;stretch_row_content&#8221; parallax=&#8221;content-moving&#8221; css=&#8221;.vc_custom_1677511487595{margin-right: 18px !important;margin-left: 18px !important;}&#8221;][vc_column][vc_custom_heading text=&#8221;U\u015bnij\u017ce mi, u\u015bnij&#8221; font_container=&#8221;tag:h3|font_size:55|text_align:center|color:%23f7f7f7&#8243; google_fonts=&#8221;font_family:Montserrat%3Aregular%2C700|font_style:400%20regular%3A400%3Anormal&#8221;][\/vc_column][\/vc_row][vc_row css=&#8221;.vc_custom_1677589878027{padding-right: 5% !important;padding-left: 5% !important;}&#8221;][vc_column][vc_column_text] year: 2021 words by Micha\u0142 Zdunik lenght: ca. 7&#8242; instrumentation: piano, percussion, soprano, electronics electronics consists of: precomposed audio tracks commissioned ko-MAT ensemble premiere 25.09.2021 &#8220;Warsaw Autumn&#8221; festival [\/vc_column_text][\/vc_column][\/vc_row]<\/p>\n","protected":false},"author":1,"featured_media":0,"parent":0,"menu_order":0,"comment_status":"closed","ping_status":"closed","template":"page-templates\/full-width-no-title.php","meta":{"footnotes":""},"class_list":["post-1004","page","type-page","status-publish","hentry"],"_links":{"self":[{"href":"https:\/\/andrzejkaralow.pl\/index.php\/wp-json\/wp\/v2\/pages\/1004","targetHints":{"allow":["GET"]}}],"collection":[{"href":"https:\/\/andrzejkaralow.pl\/index.php\/wp-json\/wp\/v2\/pages"}],"about":[{"href":"https:\/\/andrzejkaralow.pl\/index.php\/wp-json\/wp\/v2\/types\/page"}],"author":[{"embeddable":true,"href":"https:\/\/andrzejkaralow.pl\/index.php\/wp-json\/wp\/v2\/users\/1"}],"replies":[{"embeddable":true,"href":"https:\/\/andrzejkaralow.pl\/index.php\/wp-json\/wp\/v2\/comments?post=1004"}],"version-history":[{"count":2,"href":"https:\/\/andrzejkaralow.pl\/index.php\/wp-json\/wp\/v2\/pages\/1004\/revisions"}],"predecessor-version":[{"id":1170,"href":"https:\/\/andrzejkaralow.pl\/index.php\/wp-json\/wp\/v2\/pages\/1004\/revisions\/1170"}],"wp:attachment":[{"href":"https:\/\/andrzejkaralow.pl\/index.php\/wp-json\/wp\/v2\/media?parent=1004"}],"curies":[{"name":"wp","href":"https:\/\/api.w.org\/{rel}","templated":true}]}}